{"id":84,"date":"2023-12-13T12:22:26","date_gmt":"2023-12-13T09:22:26","guid":{"rendered":"https:\/\/www.buie50.org\/?page_id=84"},"modified":"2023-12-13T16:18:48","modified_gmt":"2023-12-13T13:18:48","slug":"duzenleme-kurulu","status":"publish","type":"page","link":"https:\/\/www.buie50.org\/index.php\/duzenleme-kurulu\/","title":{"rendered":"D\u00fczenleme Kurulu"},"content":{"rendered":"\n<p>B\u00dc End\u00fcstri M\u00fchendisli\u011fi B\u00f6l\u00fcm\u00fc ad\u0131na,<\/p>\n\n\n\n<p>50. Y\u0131l Kutlamas\u0131 D\u00fczenleme Kurulu<\/p>\n\n\n\n<ol class=\"wp-block-list\" start=\"50\"><\/ol>\n\n\n\n<p>\u00dcmit Bilge, Taner Bilgi\u00e7, Ali R\u0131za Kaylan, G\u00fcnd\u00fcz Ulusoy, Reha Yolalan<\/p>\n","protected":false},"excerpt":{"rendered":"<p>B\u00dc End\u00fcstri M\u00fchendisli\u011fi B\u00f6l\u00fcm\u00fc ad\u0131na, 50. Y\u0131l Kutlamas\u0131 D\u00fczenleme Kurulu \u00dcmit Bilge, Taner Bilgi\u00e7, Ali R\u0131za Kaylan, G\u00fcnd\u00fcz Ulusoy, Reha Yolalan<\/p>\n","protected":false},"author":2,"featured_media":49,"parent":0,"menu_order":0,"comment_status":"closed","ping_status":"closed","template":"","meta":{"footnotes":""},"class_list":["post-84","page","type-page","status-publish","has-post-thumbnail","hentry"],"_links":{"self":[{"href":"https:\/\/www.buie50.org\/index.php\/wp-json\/wp\/v2\/pages\/84","targetHints":{"allow":["GET"]}}],"collection":[{"href":"https:\/\/www.buie50.org\/index.php\/wp-json\/wp\/v2\/pages"}],"about":[{"href":"https:\/\/www.buie50.org\/index.php\/wp-json\/wp\/v2\/types\/page"}],"author":[{"embeddable":true,"href":"https:\/\/www.buie50.org\/index.php\/wp-json\/wp\/v2\/users\/2"}],"replies":[{"embeddable":true,"href":"https:\/\/www.buie50.org\/index.php\/wp-json\/wp\/v2\/comments?post=84"}],"version-history":[{"count":2,"href":"https:\/\/www.buie50.org\/index.php\/wp-json\/wp\/v2\/pages\/84\/revisions"}],"predecessor-version":[{"id":90,"href":"https:\/\/www.buie50.org\/index.php\/wp-json\/wp\/v2\/pages\/84\/revisions\/90"}],"wp:featuredmedia":[{"embeddable":true,"href":"https:\/\/www.buie50.org\/index.php\/wp-json\/wp\/v2\/media\/49"}],"wp:attachment":[{"href":"https:\/\/www.buie50.org\/index.php\/wp-json\/wp\/v2\/media?parent=84"}],"curies":[{"name":"wp","href":"https:\/\/api.w.org\/{rel}","templated":true}]}}