{"id":42,"date":"2026-04-17T15:53:07","date_gmt":"2026-04-17T12:53:07","guid":{"rendered":"https:\/\/www.buie50.org\/?page_id=42"},"modified":"2026-04-17T16:02:40","modified_gmt":"2026-04-17T13:02:40","slug":"main-page","status":"publish","type":"page","link":"https:\/\/www.buie50.org\/index.php\/main-page\/","title":{"rendered":"50. Y\u0131la Arma\u011fan Kitap"},"content":{"rendered":"\n<p>De\u011ferli Mezunlar, 50. Y\u0131la Arma\u011fan Kitaplar\u0131n\u0131z\u0131 diledi\u011finiz hafta i\u00e7i g\u00fcnlerde, 09:00-17:00 aras\u0131nda B\u00dcMED House&#8217;a u\u011frayarak alabilirsiniz.<\/p>\n\n\n\n<p><a href=\"https:\/\/maps.app.goo.gl\/tskZEcCucKUcM8sz7\">B\u00dcMED House<\/a><br>Bo\u011fazi\u00e7i \u00dcniversitesi Mezunlar Derne\u011fi BURC \u0130ktisadi \u0130\u015fletmesi<br>Akat Mah. Hare Sk. 2. S\u00f6lta\u015f Evleri G-13 Blok<br>Kap\u0131 No:3 Be\u015fikta\u015f \u0130STANBUL<\/p>\n\n\n\n<figure class=\"wp-block-image size-full\"><a href=\"https:\/\/www.buie50.org\/wp-content\/uploads\/2025\/05\/50.pdf\"><img loading=\"lazy\" decoding=\"async\" width=\"800\" height=\"1019\" src=\"https:\/\/www.buie50.org\/wp-content\/uploads\/2025\/05\/50-Kapak.png\" alt=\"50. Y\u0131la Arma\u011fan Kitap - Kapak\" class=\"wp-image-119\" srcset=\"https:\/\/www.buie50.org\/wp-content\/uploads\/2025\/05\/50-Kapak.png 800w, https:\/\/www.buie50.org\/wp-content\/uploads\/2025\/05\/50-Kapak-236x300.png 236w, https:\/\/www.buie50.org\/wp-content\/uploads\/2025\/05\/50-Kapak-768x978.png 768w\" sizes=\"auto, (max-width: 800px) 100vw, 800px\" \/><\/a><\/figure>\n\n\n\n<p><\/p>\n\n\n\n<p><\/p>\n\n\n\n<p><\/p>\n","protected":false},"excerpt":{"rendered":"<p>De\u011ferli Mezunlar, 50. Y\u0131la Arma\u011fan Kitaplar\u0131n\u0131z\u0131 diledi\u011finiz hafta i\u00e7i g\u00fcnlerde, 09:00-17:00 aras\u0131nda B\u00dcMED House&#8217;a u\u011frayarak alabilirsiniz. B\u00dcMED HouseBo\u011fazi\u00e7i \u00dcniversitesi Mezunlar Derne\u011fi BURC \u0130ktisadi \u0130\u015fletmesiAkat Mah. Hare Sk. 2. S\u00f6lta\u015f Evleri G-13 BlokKap\u0131 No:3 Be\u015fikta\u015f \u0130STANBUL<\/p>\n","protected":false},"author":1,"featured_media":0,"parent":0,"menu_order":0,"comment_status":"closed","ping_status":"closed","template":"","meta":{"footnotes":""},"class_list":["post-42","page","type-page","status-publish","hentry"],"_links":{"self":[{"href":"https:\/\/www.buie50.org\/index.php\/wp-json\/wp\/v2\/pages\/42","targetHints":{"allow":["GET"]}}],"collection":[{"href":"https:\/\/www.buie50.org\/index.php\/wp-json\/wp\/v2\/pages"}],"about":[{"href":"https:\/\/www.buie50.org\/index.php\/wp-json\/wp\/v2\/types\/page"}],"author":[{"embeddable":true,"href":"https:\/\/www.buie50.org\/index.php\/wp-json\/wp\/v2\/users\/1"}],"replies":[{"embeddable":true,"href":"https:\/\/www.buie50.org\/index.php\/wp-json\/wp\/v2\/comments?post=42"}],"version-history":[{"count":7,"href":"https:\/\/www.buie50.org\/index.php\/wp-json\/wp\/v2\/pages\/42\/revisions"}],"predecessor-version":[{"id":137,"href":"https:\/\/www.buie50.org\/index.php\/wp-json\/wp\/v2\/pages\/42\/revisions\/137"}],"wp:attachment":[{"href":"https:\/\/www.buie50.org\/index.php\/wp-json\/wp\/v2\/media?parent=42"}],"curies":[{"name":"wp","href":"https:\/\/api.w.org\/{rel}","templated":true}]}}